{"id":217,"date":"2021-05-31T14:32:39","date_gmt":"2021-05-31T14:32:39","guid":{"rendered":"http:\/\/www.escuelanormasiso.com\/?page_id=217"},"modified":"2022-12-01T03:51:44","modified_gmt":"2022-12-01T03:51:44","slug":"medio-de-pago","status":"publish","type":"page","link":"https:\/\/www.escuelanormasiso.com\/index.php\/medio-de-pago\/","title":{"rendered":"Medio de Pago"},"content":{"rendered":"\n<h2 class=\"wp-block-heading\">Medios de Pago<\/h2>\n\n\n\n<p>Puede pagar su curso mediante transferencia bancaria a nuestra cuenta Banco Atlas de Paraguay. PayPal, Tarjeta de Cr\u00e9dito o D\u00e9bito, Zelle, transferencias bancaria (ACH) disponible en <strong>Estados Unidos, Panam\u00e1, Paraguay y Brasil<\/strong> a trav\u00e9s del convenio Management Academy LLC.<\/p>\n\n\n\n<h3 class=\"wp-block-heading\"><a href=\"https:\/\/stripe.com\/es\" target=\"_blank\" rel=\"noreferrer noopener\">STRIPE<\/a><\/h3>\n\n\n\n<p>Stripe es una moderna plataforma de pagos que facilita las actividades comerciales en Internet. La aplicaci\u00f3n Stripe protege a los usuarios mediante el empleo de una avanzada tecnolog\u00eda de encriptaci\u00f3n para asegurar la confidencialidad de las transacciones comerciales.<\/p>\n\n\n\n<p>Actualmente, MANAGEMENT ACADEMY LLC, mantiene un convenio de pagos con esta herramienta, por lo que nuestros clientes, de todo el mundo, pueden pagar nuestros servicios a trav\u00e9s de los enlaces que redireccionan al sitio seguro de Stripe.<\/p>\n\n\n\n<h3 class=\"wp-block-heading\"><a href=\"http:\/\/www.escuelanormasiso.com\/index.php\/cursos\/\" target=\"_blank\" rel=\"noreferrer noopener\">Nuestros Cursos, ahora puede pagarlos ac\u00e1<\/a><\/h3>\n\n\n\n<p>Visite  nuestra <a rel=\"noreferrer noopener\" href=\"http:\/\/www.escuelanormasiso.com\/index.php\/cursos\/\" target=\"_blank\">tienda online<\/a> y realice sus pagos en un entorno seguro garantizado por el respaldo internacional que le brinda Stripe.<\/p>\n\n\n<p><script>(function(a,m,o,c,r,m){a[m]={id:\"205372\",hash:\"1fc4cef38107e947a315646d7be03bb345c92cf1b07db773969ee94d73d93c20\",locale:\"es\",inline:false,setMeta:function(p){this.params=(this.params||[]).concat([p])}};a[o]=a[o]||function(){(a[o].q=a[o].q||[]).push(arguments)};var d=a.document,s=d.createElement('script');s.async=true;s.id=m+'_script';s.src='https:\/\/gso.kommo.com\/js\/button.js?1669865096';d.head&&d.head.appendChild(s)}(window,0,'amoSocialButton',0,0,'amo_social_button'));<\/script><\/p>\n","protected":false},"excerpt":{"rendered":"<p>Medios de Pago Puede pagar su curso mediante transferencia bancaria a nuestra cuenta Banco Atlas de Paraguay. PayPal, Tarjeta de Cr\u00e9dito o D\u00e9bito, Zelle, transferencias bancaria (ACH) disponible en Estados Unidos, Panam\u00e1, Paraguay y Brasil a trav\u00e9s del convenio Management Academy LLC. STRIPE Stripe es una moderna plataforma de pagos que facilita las actividades comerciales&hellip; <br \/> <a class=\"read-more\" href=\"https:\/\/www.escuelanormasiso.com\/index.php\/medio-de-pago\/\">Leer m\u00e1s<\/a><\/p>\n","protected":false},"author":1,"featured_media":0,"parent":0,"menu_order":0,"comment_status":"closed","ping_status":"closed","template":"","meta":{"footnotes":""},"class_list":["post-217","page","type-page","status-publish","hentry"],"_links":{"self":[{"href":"https:\/\/www.escuelanormasiso.com\/index.php\/wp-json\/wp\/v2\/pages\/217","targetHints":{"allow":["GET"]}}],"collection":[{"href":"https:\/\/www.escuelanormasiso.com\/index.php\/wp-json\/wp\/v2\/pages"}],"about":[{"href":"https:\/\/www.escuelanormasiso.com\/index.php\/wp-json\/wp\/v2\/types\/page"}],"author":[{"embeddable":true,"href":"https:\/\/www.escuelanormasiso.com\/index.php\/wp-json\/wp\/v2\/users\/1"}],"replies":[{"embeddable":true,"href":"https:\/\/www.escuelanormasiso.com\/index.php\/wp-json\/wp\/v2\/comments?post=217"}],"version-history":[{"count":7,"href":"https:\/\/www.escuelanormasiso.com\/index.php\/wp-json\/wp\/v2\/pages\/217\/revisions"}],"predecessor-version":[{"id":444,"href":"https:\/\/www.escuelanormasiso.com\/index.php\/wp-json\/wp\/v2\/pages\/217\/revisions\/444"}],"wp:attachment":[{"href":"https:\/\/www.escuelanormasiso.com\/index.php\/wp-json\/wp\/v2\/media?parent=217"}],"curies":[{"name":"wp","href":"https:\/\/api.w.org\/{rel}","templated":true}]}}