{"id":50,"date":"2021-04-22T21:55:29","date_gmt":"2021-04-22T21:55:29","guid":{"rendered":"http:\/\/www.escuelanormasiso.com\/?page_id=50"},"modified":"2024-01-30T00:38:28","modified_gmt":"2024-01-30T00:38:28","slug":"e-campus","status":"publish","type":"page","link":"https:\/\/www.escuelanormasiso.com\/index.php\/e-campus\/","title":{"rendered":"e-campus"},"content":{"rendered":"\n<h2 class=\"wp-block-heading\">e-campus<\/h2>\n\n\n<p>Para ingresar a nuestra aula el usuario debe hacer clic en enlace que se indica m\u00e1s abajo, o en el banner que sigue a este texto. En el siguiente video se muestran los pasos a seguir para ingresar a la plataforma de Escuela Normas ISO<\/p>\n\n\n<pre><code><iframe loading=\"lazy\" width=\"560\" height=\"315\" src=\"https:\/\/www.youtube.com\/embed\/qyj7VmMNrF8\" title=\"YouTube video player\" frameborder=\"0\" allow=\"accelerometer; autoplay; clipboard-write; encrypted-media; gyroscope; picture-in-picture\" allowfullscreen=\"\"><\/iframe><\/code><\/pre>\n\n\n<figure><a href=\"http:\/\/www.escuelanormasiso.com\/ecampus\/\" target=\"_blank\" rel=\"noopener\"><img decoding=\"async\" src=\"https:\/\/escuelanormasiso.com\/imagenes-auxiliares\/e-campus-ingreseaca-800x150.jpg\" alt=\"\"\/><\/a><\/figure>\n\n\n<h2 class=\"wp-block-heading\">Instrucciones para el acceso al <a href=\"http:\/\/www.escuelanormasiso.com\/ecampus\/\" target=\"_blank\" rel=\"noreferrer noopener\">e-campus<\/a><\/h2>\n\n\n<p>Una vez que ingresas a la p\u00e1gina de acceso del <a rel=\"noreferrer noopener\" href=\"http:\/\/www.escuelanormasiso.com\/ecampus\/\" target=\"_blank\">e-campus<\/a>, el sistema te pedir\u00e1 acceder a la plataforma, para ello debes usar el nombre de usuario y la contrase\u00f1a que se indic\u00f3 en el email o mensaje de bienvenida, recuerda que debes escribir tal cual se te expone en dicho documento.<\/p>\n\n\n<figure><img decoding=\"async\" src=\"https:\/\/escuelanormasiso.com\/imagenes-auxiliares\/e-campus1.jpg\" alt=\"\"\/><\/figure>\n\n\n<p>Una vez que hayas digitado los datos de acceso, debes hacer clic en ACCEDER.<\/p>\n\n\n<figure><img decoding=\"async\" src=\"https:\/\/escuelanormasiso.com\/imagenes-auxiliares\/e-campus2.jpg\" alt=\"\"\/><\/figure>\n\n\n<p>Al ingresar al aula virtual por primera vez, el sistema pedir\u00e1 cambiar tu clave de usuario o contrase\u00f1a. Deber\u00e1 crear una nueva clave de acceso la cual debe contener:<\/p>\n\n\n<ul class=\"wp-block-list\">\n<li>8 caracteres<\/li>\n\n\n<li>1 al menos debe ser may\u00fascula<\/li>\n\n\n<li>1 al menos debe ser min\u00fascula<\/li>\n\n\n<li>1 al menos debe ser un numero<\/li>\n\n\n<li>1 al menos debe ser un signo<\/li>\n\n\n<li>por ejemplo:  <strong>8Titan5?<\/strong> &#8211; <strong>Lapiz27?<\/strong> &#8211; <strong>Raton&amp;21<\/strong><\/li>\n<\/ul>\n\n\n<p>Una vez creada, bajas con el scroll y le das ok a guardar.<\/p>\n\n\n<figure><img decoding=\"async\" src=\"https:\/\/escuelanormasiso.com\/imagenes-auxiliares\/e-campus3.jpg\" alt=\"\"\/><\/figure>\n\n\n<p>Si la contrase\u00f1a cumple con las medidas de seguridad, el sistema la aceptar\u00e1 y te aparecer\u00e1 un mensaje como el de a continuaci\u00f3n: &#8220;<em>la contrase\u00f1a ha cambiado<\/em>&#8220;, entonces haces clic en &#8220;CONTINUAR&#8221;<\/p>\n\n\n<figure><img decoding=\"async\" src=\"https:\/\/escuelanormasiso.com\/imagenes-auxiliares\/e-campus4.jpg\" alt=\"\"\/><\/figure>\n\n\n<p>Con esta \u00faltima operaci\u00f3n el sistema te env\u00eda a tu p\u00e1gina de inicio en la cual est\u00e1n listados todos los cursos en los que te has matriculado.  Puedes acceder a tu curso haciendo clic en el bloque pertinente.<\/p>\n\n\n<figure><img decoding=\"async\" src=\"https:\/\/escuelanormasiso.com\/imagenes-auxiliares\/e-campus5.jpg\" alt=\"\"\/><\/figure>\n\n[trustindex no-registration=google]","protected":false},"excerpt":{"rendered":"<p>e-campus Para ingresar a nuestra aula el usuario debe hacer clic en enlace que se indica m\u00e1s abajo, o en el banner que sigue a este texto. En el siguiente video se muestran los pasos a seguir para ingresar a la plataforma de Escuela Normas ISO Instrucciones para el acceso al e-campus Una vez que&hellip; <br \/> <a class=\"read-more\" href=\"https:\/\/www.escuelanormasiso.com\/index.php\/e-campus\/\">Leer m\u00e1s<\/a><\/p>\n","protected":false},"author":1,"featured_media":0,"parent":0,"menu_order":0,"comment_status":"closed","ping_status":"closed","template":"","meta":{"footnotes":""},"class_list":["post-50","page","type-page","status-publish","hentry"],"_links":{"self":[{"href":"https:\/\/www.escuelanormasiso.com\/index.php\/wp-json\/wp\/v2\/pages\/50","targetHints":{"allow":["GET"]}}],"collection":[{"href":"https:\/\/www.escuelanormasiso.com\/index.php\/wp-json\/wp\/v2\/pages"}],"about":[{"href":"https:\/\/www.escuelanormasiso.com\/index.php\/wp-json\/wp\/v2\/types\/page"}],"author":[{"embeddable":true,"href":"https:\/\/www.escuelanormasiso.com\/index.php\/wp-json\/wp\/v2\/users\/1"}],"replies":[{"embeddable":true,"href":"https:\/\/www.escuelanormasiso.com\/index.php\/wp-json\/wp\/v2\/comments?post=50"}],"version-history":[{"count":16,"href":"https:\/\/www.escuelanormasiso.com\/index.php\/wp-json\/wp\/v2\/pages\/50\/revisions"}],"predecessor-version":[{"id":541,"href":"https:\/\/www.escuelanormasiso.com\/index.php\/wp-json\/wp\/v2\/pages\/50\/revisions\/541"}],"wp:attachment":[{"href":"https:\/\/www.escuelanormasiso.com\/index.php\/wp-json\/wp\/v2\/media?parent=50"}],"curies":[{"name":"wp","href":"https:\/\/api.w.org\/{rel}","templated":true}]}}