{"id":73,"date":"2021-04-22T23:43:33","date_gmt":"2021-04-22T23:43:33","guid":{"rendered":"https:\/\/www.escuelanormasiso.com\/?page_id=73"},"modified":"2022-12-01T03:47:39","modified_gmt":"2022-12-01T03:47:39","slug":"acreditacion-de-acciones-formativas","status":"publish","type":"page","link":"https:\/\/www.escuelanormasiso.com\/index.php\/acreditacion-de-acciones-formativas\/","title":{"rendered":"Acreditaci\u00f3n de acciones formativas"},"content":{"rendered":"\n<h2 class=\"wp-block-heading\">Acreditaci\u00f3n de acciones formativas<\/h2>\n\n\n\n<p>La acreditaci\u00f3n de acciones formativas que proporciona <a rel=\"noreferrer noopener\" href=\"http:\/\/www.funimec.org\/\" target=\"_blank\">FUNIMEC<\/a> es un proceso de evaluaci\u00f3n voluntario de la calidad del dise\u00f1o y desarrollo del servicio de formaci\u00f3n que se pretende impartir mediante cursos, seminarios, diplomados, y sobre los cuales se determina la calidad de la acci\u00f3n en el sentido de demostrar el cumplimiento de requisitos legales y de partes interesadas, para generar confianza sobre la pertinencia, relevancia, conformidad, competencia t\u00e9cnica, gesti\u00f3n de buenas pr\u00e1cticas formativa, gesti\u00f3n del riesgo y mejora continua de los procesos.<\/p>\n\n\n\n<p>Escuela de Normas ISO se encuentra acreditada por FUNIMEC, <a href=\"http:\/\/funimec.org\/registro-acreditados\/PY-AS-CER-102.pdf\" target=\"_blank\" rel=\"noreferrer noopener\">certificado N\u00b0 PY-AS-CER-102<\/a>.<\/p>\n\n\n\n<p>La acreditaci\u00f3n FUNIMEC es una herramienta eficaz para demostrar la conformidad de las acciones de capacitaci\u00f3n con los requisitos legales pertinentes y aquellos requisitos reglamentarios de las partes interesadas: la sociedad, los discentes, las empresas participantes.<\/p>\n\n\n\n<p>Participar de un curso y adquirir competencias laborales mediante un AFA (acci\u00f3n formativa acreditada) reduce las posibilidades de adquirir un curso desarticulado; las acciones formativas acreditadas aportan valor a las organizaciones que las prefieren porque reducen la posibilidad de p\u00e9rdida de la inversi\u00f3n debido a malas pr\u00e1cticas educativas, as\u00ed mismo les permite asegurar un ROI (retorno sobre la inversi\u00f3n) eficiente.<\/p>\n\n\n\n<figure class=\"wp-block-image size-large\"><a href=\"http:\/\/funimec.org\/registro-acreditados\/PY-AS-CER-102.pdf\" target=\"_blank\" rel=\"noopener\"><img loading=\"lazy\" decoding=\"async\" width=\"440\" height=\"160\" src=\"https:\/\/www.escuelanormasiso.com\/wp-content\/uploads\/2021\/04\/Funimec-LOGO.png\" alt=\"\" class=\"wp-image-74\" srcset=\"https:\/\/www.escuelanormasiso.com\/wp-content\/uploads\/2021\/04\/Funimec-LOGO.png 440w, https:\/\/www.escuelanormasiso.com\/wp-content\/uploads\/2021\/04\/Funimec-LOGO-300x109.png 300w\" sizes=\"auto, (max-width: 440px) 100vw, 440px\" \/><\/a><\/figure>\n\n\n<p><script>(function(a,m,o,c,r,m){a[m]={id:\"205372\",hash:\"1fc4cef38107e947a315646d7be03bb345c92cf1b07db773969ee94d73d93c20\",locale:\"es\",inline:false,setMeta:function(p){this.params=(this.params||[]).concat([p])}};a[o]=a[o]||function(){(a[o].q=a[o].q||[]).push(arguments)};var d=a.document,s=d.createElement('script');s.async=true;s.id=m+'_script';s.src='https:\/\/gso.kommo.com\/js\/button.js?1669865096';d.head&&d.head.appendChild(s)}(window,0,'amoSocialButton',0,0,'amo_social_button'));<\/script><\/p>\n","protected":false},"excerpt":{"rendered":"<p>Acreditaci\u00f3n de acciones formativas La acreditaci\u00f3n de acciones formativas que proporciona FUNIMEC es un proceso de evaluaci\u00f3n voluntario de la calidad del dise\u00f1o y desarrollo del servicio de formaci\u00f3n que se pretende impartir mediante cursos, seminarios, diplomados, y sobre los cuales se determina la calidad de la acci\u00f3n en el sentido de demostrar el cumplimiento&hellip; <br \/> <a class=\"read-more\" href=\"https:\/\/www.escuelanormasiso.com\/index.php\/acreditacion-de-acciones-formativas\/\">Leer m\u00e1s<\/a><\/p>\n","protected":false},"author":1,"featured_media":0,"parent":0,"menu_order":0,"comment_status":"closed","ping_status":"closed","template":"","meta":{"footnotes":""},"class_list":["post-73","page","type-page","status-publish","hentry"],"_links":{"self":[{"href":"https:\/\/www.escuelanormasiso.com\/index.php\/wp-json\/wp\/v2\/pages\/73","targetHints":{"allow":["GET"]}}],"collection":[{"href":"https:\/\/www.escuelanormasiso.com\/index.php\/wp-json\/wp\/v2\/pages"}],"about":[{"href":"https:\/\/www.escuelanormasiso.com\/index.php\/wp-json\/wp\/v2\/types\/page"}],"author":[{"embeddable":true,"href":"https:\/\/www.escuelanormasiso.com\/index.php\/wp-json\/wp\/v2\/users\/1"}],"replies":[{"embeddable":true,"href":"https:\/\/www.escuelanormasiso.com\/index.php\/wp-json\/wp\/v2\/comments?post=73"}],"version-history":[{"count":3,"href":"https:\/\/www.escuelanormasiso.com\/index.php\/wp-json\/wp\/v2\/pages\/73\/revisions"}],"predecessor-version":[{"id":439,"href":"https:\/\/www.escuelanormasiso.com\/index.php\/wp-json\/wp\/v2\/pages\/73\/revisions\/439"}],"wp:attachment":[{"href":"https:\/\/www.escuelanormasiso.com\/index.php\/wp-json\/wp\/v2\/media?parent=73"}],"curies":[{"name":"wp","href":"https:\/\/api.w.org\/{rel}","templated":true}]}}