{"id":76,"date":"2021-04-22T23:52:18","date_gmt":"2021-04-22T23:52:18","guid":{"rendered":"https:\/\/www.escuelanormasiso.com\/?page_id=76"},"modified":"2023-10-16T17:08:10","modified_gmt":"2023-10-16T17:08:10","slug":"calidad","status":"publish","type":"page","link":"https:\/\/www.escuelanormasiso.com\/index.php\/calidad\/","title":{"rendered":"Calidad"},"content":{"rendered":"\n<h2 class=\"wp-block-heading\">Calidad<\/h2>\n\n\n\n<p>Escuela Norma ISO (Seatam Holding S.A.) ha implementado un sistema de gesti\u00f3n basado en la Norma ISO 9001:2015, cuyo <a rel=\"noreferrer noopener\" href=\"http:\/\/www.escuelanormasiso.com\/circulares\/Circular_NR-002-Comunica-el-alcance-del-SGC.pdf\" target=\"_blank\">alcance<\/a> es comprende el dise\u00f1o y desarrollo de programas de formaci\u00f3n continua en el campo de la administraci\u00f3n de negocios, sistemas de gesti\u00f3n y entrenamiento mar\u00edtimo.<br>Estos servicios se prestan al talento humano en general, de manera remota o presencial, a trav\u00e9s de una plataforma educativa o en nuestras instalaciones ubicadas en Legi\u00f3n Civil Extranjera 486, Asunci\u00f3n,<br>Paraguay.<\/p>\n\n\n\n<p>En este sentido el SGC de Escuela Normas ISO se encuentra <a href=\"https:\/\/www.escuelanormasiso.com\/index.php\/sistema-de-gestion-de-la-calidad-iso-90012015\/\" data-type=\"page\" data-id=\"70\">certificado por SCK Certificati\u00f3n Ltmda<\/a>, y nuestra organizaci\u00f3n posee una <a href=\"https:\/\/www.escuelanormasiso.com\/index.php\/acreditacion-de-acciones-formativas\/\" data-type=\"page\" data-id=\"73\">acreditaci\u00f3n por FUNIMEC<\/a> respecto del dise\u00f1o y desarrollo de las actividades formativas.<\/p>\n\n\n\n<h3 class=\"wp-block-heading\">Nuestro modelo de gesti\u00f3n acad\u00e9mica<\/h3>\n\n\n\n<figure class=\"wp-block-image size-large\"><img loading=\"lazy\" decoding=\"async\" width=\"800\" height=\"379\" src=\"https:\/\/www.escuelanormasiso.com\/wp-content\/uploads\/2021\/04\/MapaGestionAcademica-ENI.png\" alt=\"\" class=\"wp-image-92\" srcset=\"https:\/\/www.escuelanormasiso.com\/wp-content\/uploads\/2021\/04\/MapaGestionAcademica-ENI.png 800w, https:\/\/www.escuelanormasiso.com\/wp-content\/uploads\/2021\/04\/MapaGestionAcademica-ENI-600x284.png 600w, https:\/\/www.escuelanormasiso.com\/wp-content\/uploads\/2021\/04\/MapaGestionAcademica-ENI-300x142.png 300w, https:\/\/www.escuelanormasiso.com\/wp-content\/uploads\/2021\/04\/MapaGestionAcademica-ENI-768x364.png 768w\" sizes=\"auto, (max-width: 800px) 100vw, 800px\" \/><\/figure>\n\n\n\n<h3 class=\"wp-block-heading\">Pol\u00edtica de la calidad<\/h3>\n\n\n\n<p>Nuestra <a rel=\"noreferrer noopener\" href=\"http:\/\/www.escuelanormasiso.com\/circulares\/Circular_NR-003-Comunica-la-Politica.pdf\" target=\"_blank\">Pol\u00edtica de la calidad<\/a> se encuentra establecida, implementada y es mantenida con el prop\u00f3sito de orientar la direcci\u00f3n estrat\u00e9gica y ser un marco de referencia para el establecimiento de los objetivos de la calidad.<br><\/p>\n","protected":false},"excerpt":{"rendered":"<p>Calidad Escuela Norma ISO (Seatam Holding S.A.) ha implementado un sistema de gesti\u00f3n basado en la Norma ISO 9001:2015, cuyo alcance es comprende el dise\u00f1o y desarrollo de programas de formaci\u00f3n continua en el campo de la administraci\u00f3n de negocios, sistemas de gesti\u00f3n y entrenamiento mar\u00edtimo.Estos servicios se prestan al talento humano en general, de&hellip; <br \/> <a class=\"read-more\" href=\"https:\/\/www.escuelanormasiso.com\/index.php\/calidad\/\">Leer m\u00e1s<\/a><\/p>\n","protected":false},"author":1,"featured_media":0,"parent":0,"menu_order":0,"comment_status":"closed","ping_status":"closed","template":"","meta":{"footnotes":""},"class_list":["post-76","page","type-page","status-publish","hentry"],"_links":{"self":[{"href":"https:\/\/www.escuelanormasiso.com\/index.php\/wp-json\/wp\/v2\/pages\/76","targetHints":{"allow":["GET"]}}],"collection":[{"href":"https:\/\/www.escuelanormasiso.com\/index.php\/wp-json\/wp\/v2\/pages"}],"about":[{"href":"https:\/\/www.escuelanormasiso.com\/index.php\/wp-json\/wp\/v2\/types\/page"}],"author":[{"embeddable":true,"href":"https:\/\/www.escuelanormasiso.com\/index.php\/wp-json\/wp\/v2\/users\/1"}],"replies":[{"embeddable":true,"href":"https:\/\/www.escuelanormasiso.com\/index.php\/wp-json\/wp\/v2\/comments?post=76"}],"version-history":[{"count":4,"href":"https:\/\/www.escuelanormasiso.com\/index.php\/wp-json\/wp\/v2\/pages\/76\/revisions"}],"predecessor-version":[{"id":522,"href":"https:\/\/www.escuelanormasiso.com\/index.php\/wp-json\/wp\/v2\/pages\/76\/revisions\/522"}],"wp:attachment":[{"href":"https:\/\/www.escuelanormasiso.com\/index.php\/wp-json\/wp\/v2\/media?parent=76"}],"curies":[{"name":"wp","href":"https:\/\/api.w.org\/{rel}","templated":true}]}}