{"id":8,"date":"2021-04-21T14:41:48","date_gmt":"2021-04-21T14:41:48","guid":{"rendered":"http:\/\/www.escuelanormasiso.com\/?page_id=8"},"modified":"2024-01-30T00:34:54","modified_gmt":"2024-01-30T00:34:54","slug":"quienes-somos","status":"publish","type":"page","link":"https:\/\/www.escuelanormasiso.com\/index.php\/quienes-somos\/","title":{"rendered":"Qui\u00e9nes Somos"},"content":{"rendered":"\n<h2 class=\"wp-block-heading\">Qui\u00e9nes Somos<\/h2>\n\n\n<p><strong>Escuela Norma ISO<\/strong> es una marca de reonocimiento internacional, administrada en la actualidad por tres organizaciones: Management Academy LLC (USA); Seatam Holding S.A. (Paraguay), y Iamsa Group Inc (Belice\/Panam\u00e1) dedicada a la formaci\u00f3n y capacitaci\u00f3n del talento human.<\/p>\n\n\n<p>Nuestro Modelo de negocio orientado a la formaci\u00f3n del talento humano <strong>nace en Santiago de Chile en el a\u00f1o 2010<\/strong> y obtiene en breve la certificaci\u00f3n en las normas ISO 9001 y NCh2728 acredit\u00e1ndose ante el Servicio Nacional de Capacitaci\u00f3n y Empleo (SENCE) de ese pa\u00eds. Actualmente nuestra organizaci\u00f3n opera en la ciudad de Asunci\u00f3n, Paraguay con el prop\u00f3sito de implantar un modelo eficaz para el desarrollo de la competencia laboral de los recursos humanos de todo Iberoam\u00e9rica, potenciando la educaci\u00f3n a distancia mediada por las tecnolog\u00edas.<\/p>\n\n\n<p><strong>ESCUELA NORMA ISO<\/strong>&nbsp;es el resultado de la visi\u00f3n estrat\u00e9gica de sus fundadores quienes detectan una necesidad existente relacionada con la formaci\u00f3n continua en materia de normativas ISO, cuya propuesta de valor se focalice en la calidad de lo que se ense\u00f1a, el monto a invertir en las acciones que se imparten, la pertinencia de los contenidos y el seguimiento al alumno en todo el proceso y luego del egreso.<\/p>\n\n\n<h2 class=\"wp-block-heading\">Membres\u00edas; convenios de colaboraci\u00f3n en el \u00e1mbito universitario y educativo, y alianzas estrat\u00e9gicas.<\/h2>\n\n\n<p><strong>Escuela Normas ISO<\/strong> es miembro de la prestigiosa <a rel=\"noreferrer noopener\" href=\"https:\/\/camaradeempresarioscde.org.py\/\" target=\"_blank\">C\u00e1mara de Empresarios de Ciudad del Este y Alto Parana<\/a>  y actualmente ha sido reconocida como Organismo Colaborador, mediante  Convenios Marco, con el  <a rel=\"noreferrer noopener\" href=\"https:\/\/fotriem.edu.py\/\" target=\"_blank\">Instituto Superior de Formaci\u00f3n Tributaria , Comercial y Administrativa, Facultad FOTRIEM<\/a>, del Paraguay y con el<a href=\"https:\/\/www.renecassin.edu.py\/\"> Instituto T\u00e9cnico Superior Ren\u00e9 Cassin.<\/a>  Adicionalmente nuestra organizaci\u00f3n se encuentra acreditada por <a href=\"https:\/\/www.funimec.org\/portal\/\">FUNIMEC | Fundaci\u00f3n Internacional de la Mejora Continua<\/a> y <a href=\"https:\/\/capede.org\/\">CAPEDE, C\u00e1mara Peruana de Desarrollo y Educaci\u00f3n<\/a>.<\/p>\n\n\n\n\n<figure class=\"is-layout-flow wp-block-column-is-layout-flow is-layout-flex wp-container-core-columns-is-layout-9d6595d7 wp-block-columns-is-layout-flex\"><a href=\"https:\/\/camaradeempresarioscde.org.py\/\" target=\"_blank\" rel=\"noreferrer noopener\"><img decoding=\"async\" src=\"https:\/\/www.escuelanormasiso.com\/wp-content\/uploads\/2023\/10\/2.png\" alt=\"\"\/><\/a><\/figure>\n\n\n\n\n<figure class=\"is-layout-flow wp-block-column-is-layout-flow\"><a href=\"https:\/\/www.fotriem.edu.py\/\" target=\"_blank\" rel=\"noreferrer noopener\"><img decoding=\"async\" src=\"https:\/\/www.escuelanormasiso.com\/wp-content\/uploads\/2023\/10\/1-1.png\" alt=\"\"\/><\/a><\/figure>\n\n\n\n\n<figure class=\"is-layout-flow wp-block-column-is-layout-flow\"><a href=\"https:\/\/capede.org\/\" target=\"_blank\" rel=\"noreferrer noopener\"><img decoding=\"async\" src=\"https:\/\/www.escuelanormasiso.com\/wp-content\/uploads\/2023\/10\/3.png\" alt=\"\"\/><\/a><\/figure>\n\n\n\n\n<figure class=\"is-layout-flow wp-block-column-is-layout-flow\"><a href=\"https:\/\/www.renecassin.edu.py\/\" target=\"_blank\" rel=\"noreferrer noopener\"><img decoding=\"async\" src=\"https:\/\/www.escuelanormasiso.com\/wp-content\/uploads\/2023\/10\/4.png\" alt=\"\"\/><\/a><\/figure>\n\n\n\n\n<figure class=\"is-layout-flow wp-block-column-is-layout-flow\"><a href=\"https:\/\/www.funimec.org\/portal\/\" target=\"_blank\" rel=\"noreferrer noopener\"><img decoding=\"async\" src=\"https:\/\/www.escuelanormasiso.com\/wp-content\/uploads\/2023\/10\/Diseno-sin-titulo-82.png\" alt=\"\"\/><\/a><\/figure>\n\n\n\n\n<p><a href=\"http:\/\/dos.sunbiz.org\/scripts\/ficidet.exe?action=DETREG&amp;docnum=G22000017782&amp;rdocnum=G22000017782\">Escuela Normas ISO<\/a> es un nombre ficticio, que opera como franquicia para el mercado latinoamericano. En la actualidad se encuentra registrada en el Estado de la Florida (EE.UU).<\/p>\n\n\n<h2 class=\"wp-block-heading\">Empresas que han confiado en nuestra metodolog\u00eda de ense\u00f1anza<\/h2>\n\n\n<figure><img decoding=\"async\" src=\"http:\/\/www.escuelanormasiso.com\/wp-content\/uploads\/2021\/06\/escuelanormasiso-nuestros-c.gif\" alt=\"\"\/><\/figure>\n\n[trustindex no-registration=google]","protected":false},"excerpt":{"rendered":"<p>Qui\u00e9nes Somos Escuela Norma ISO es una marca de reonocimiento internacional, administrada en la actualidad por tres organizaciones: Management Academy LLC (USA); Seatam Holding S.A. (Paraguay), y Iamsa Group Inc (Belice\/Panam\u00e1) dedicada a la formaci\u00f3n y capacitaci\u00f3n del talento human. Nuestro Modelo de negocio orientado a la formaci\u00f3n del talento humano nace en Santiago de&hellip; <br \/> <a class=\"read-more\" href=\"https:\/\/www.escuelanormasiso.com\/index.php\/quienes-somos\/\">Leer m\u00e1s<\/a><\/p>\n","protected":false},"author":1,"featured_media":27,"parent":0,"menu_order":0,"comment_status":"closed","ping_status":"closed","template":"","meta":{"footnotes":""},"class_list":["post-8","page","type-page","status-publish","has-post-thumbnail","hentry"],"_links":{"self":[{"href":"https:\/\/www.escuelanormasiso.com\/index.php\/wp-json\/wp\/v2\/pages\/8","targetHints":{"allow":["GET"]}}],"collection":[{"href":"https:\/\/www.escuelanormasiso.com\/index.php\/wp-json\/wp\/v2\/pages"}],"about":[{"href":"https:\/\/www.escuelanormasiso.com\/index.php\/wp-json\/wp\/v2\/types\/page"}],"author":[{"embeddable":true,"href":"https:\/\/www.escuelanormasiso.com\/index.php\/wp-json\/wp\/v2\/users\/1"}],"replies":[{"embeddable":true,"href":"https:\/\/www.escuelanormasiso.com\/index.php\/wp-json\/wp\/v2\/comments?post=8"}],"version-history":[{"count":27,"href":"https:\/\/www.escuelanormasiso.com\/index.php\/wp-json\/wp\/v2\/pages\/8\/revisions"}],"predecessor-version":[{"id":535,"href":"https:\/\/www.escuelanormasiso.com\/index.php\/wp-json\/wp\/v2\/pages\/8\/revisions\/535"}],"wp:featuredmedia":[{"embeddable":true,"href":"https:\/\/www.escuelanormasiso.com\/index.php\/wp-json\/wp\/v2\/media\/27"}],"wp:attachment":[{"href":"https:\/\/www.escuelanormasiso.com\/index.php\/wp-json\/wp\/v2\/media?parent=8"}],"curies":[{"name":"wp","href":"https:\/\/api.w.org\/{rel}","templated":true}]}}