{"id":90,"date":"2021-04-23T00:30:41","date_gmt":"2021-04-23T00:30:41","guid":{"rendered":"https:\/\/www.escuelanormasiso.com\/?page_id=90"},"modified":"2024-09-19T19:13:14","modified_gmt":"2024-09-19T19:13:14","slug":"circulares","status":"publish","type":"page","link":"https:\/\/www.escuelanormasiso.com\/index.php\/circulares\/","title":{"rendered":"Circulares"},"content":{"rendered":"\n<h3 class=\"wp-block-heading\">Circulares<\/h3>\n\n\n\n<p>El sistema de comunicaci\u00f3n v\u00eda circulares es una herramienta comunicacional de las empresas del Grupo Seatam Holding. Mediante este sistema la organizaci\u00f3n comunica a sus partes interesadas requisitos, novedades, resoluciones, y, por consiguiente, las circulares es informaci\u00f3n documentada de nuestro sistema de gesti\u00f3n de la calidad y forman parte integral del contrato de la prestaci\u00f3n del servicio.<\/p>\n\n\n\n<h3 class=\"wp-block-heading\">\u00cdndice de circulares<\/h3>\n\n\n\n<p><a rel=\"noreferrer noopener\" href=\"http:\/\/escuelanormasiso.com\/circulares\/Circular_NR-001-proposito-de-las-circulares.pdf\" target=\"_blank\">Circular Nr 001 &#8211; Prop\u00f3sito de la circulares<\/a><\/p>\n\n\n\n<p><a rel=\"noreferrer noopener\" href=\"http:\/\/escuelanormasiso.com\/circulares\/Circular_NR-002-Comunica-el-alcance-del-SGC.pdf\" target=\"_blank\">Circular Nr 002 &#8211; Comunica el alcance del sistema de gesti\u00f3n de la calidad<\/a><\/p>\n\n\n\n<p><a rel=\"noreferrer noopener\" href=\"http:\/\/escuelanormasiso.com\/circulares\/Circular_NR-003-Comunica-la-Politica.pdf\" target=\"_blank\">Circular Nr 003 &#8211; Comunica la Pol\u00edtica de la Calidad<\/a><\/p>\n\n\n\n<p><a rel=\"noreferrer noopener\" href=\"http:\/\/escuelanormasiso.com\/circulares\/Circular_NR-004-de-la-planificacion-y-control-operacional.pdf\" target=\"_blank\">Circular Nr 004 &#8211; Planificaci\u00f3n y control operacional<\/a><\/p>\n\n\n\n<p>Circular Nr 005 &#8211; Reemplazada por Circular 019<\/p>\n\n\n\n<p><a rel=\"noreferrer noopener\" href=\"http:\/\/escuelanormasiso.com\/circulares\/Circular_NR-006-obligaciones-del-alumno.pdf\" target=\"_blank\">Circular Nr 006 &#8211; Obligaciones del Participante<\/a><\/p>\n\n\n\n<p><a rel=\"noreferrer noopener\" href=\"http:\/\/escuelanormasiso.com\/circulares\/Circular_NR-007-contexto-legal.pdf\" target=\"_blank\">Circular Nr 007 &#8211; Contexto legal<\/a><\/p>\n\n\n\n<p>Circular Nr 008 &#8211; Reemplazada por Circular 024<\/p>\n\n\n\n<p><a rel=\"noreferrer noopener\" href=\"http:\/\/escuelanormasiso.com\/circulares\/Circular_NR-009-entrega-diplomas.pdf\" target=\"_blank\">Circular Nr 009 &#8211; Entrega de certificados y diplomas (requisitos)<\/a><\/p>\n\n\n\n<p>Circular Nr 010 &#8211; Reemplazada por Circular 020<\/p>\n\n\n\n<p><a rel=\"noreferrer noopener\" href=\"http:\/\/escuelanormasiso.com\/circulares\/Circular_NR-011-atualizacion-covid-19.pdf\" target=\"_blank\">Circular Nr 011 &#8211; Actualizaci\u00f3n de medidas espec\u00edficas en el marco pandemia del coronavirus (Covid 19) (Plan de Contingencia y mitigaci\u00f3n del riesgo)<\/a><\/p>\n\n\n\n<p><a rel=\"noreferrer noopener\" href=\"http:\/\/escuelanormasiso.com\/circulares\/Circular_NR-012-homologacion.pdf\" target=\"_blank\">Circular Nr 012 &#8211; Reglamento que regula la homologaci\u00f3n y endoso de certificados de auditor l\u00edder.<\/a><\/p>\n\n\n\n<p>Circular Nr 013 &#8211; Anulada<\/p>\n\n\n\n<p><a rel=\"noreferrer noopener\" href=\"https:\/\/www.escuelanormasiso.com\/circulares\/Circular_NR-014-tutor%C3%ADas.pdf\" target=\"_blank\">Circular Nr 014 &#8211; Regula el uso de tutor\u00edas sincr\u00f3nicas con docente en l\u00ednea<\/a><\/p>\n\n\n\n<p><a rel=\"noreferrer noopener\" href=\"https:\/\/www.escuelanormasiso.com\/circulares\/Circular_NR-015-apostilla-de-documentos.pdf\" target=\"_blank\">Circular Nr 015 &#8211; Apostilla de documentos<\/a><\/p>\n\n\n\n<p><a rel=\"noreferrer noopener\" href=\"https:\/\/www.escuelanormasiso.com\/circulares\/Circular_NR-016-definicion-de-diplomado.pdf\" target=\"_blank\">Circular Nr 016 &#8211; Definici\u00f3n de Diplomado<\/a><\/p>\n\n\n\n<p>Circular Nr 017 &#8211; Reemplazada por Circular 019<\/p>\n\n\n\n<p><a rel=\"noreferrer noopener\" href=\"https:\/\/www.escuelanormasiso.com\/circulares\/Circular_NR-018-Conceptos-auditor.pdf\" target=\"_blank\">Circular Nr 018 &#8211; Conceptos: auditor l\u00edder; auditor\u00eda de sistemas; auditor\u00eda ambiental; otros<\/a><\/p>\n\n\n\n<p><a rel=\"noreferrer noopener\" href=\"https:\/\/www.escuelanormasiso.com\/circulares\/Circular_NR-019-Reglamento_del_Alumno.pdf\" target=\"_blank\">Circular Nr 019 &#8211; Reglamento del Participante<\/a><\/p>\n\n\n\n<p><a href=\"https:\/\/www.escuelanormasiso.com\/circulares\/Circular_NR-020-Certificacion.pdf\" target=\"_blank\" rel=\"noreferrer noopener\">Circular Nr 020 &#8211; Certificaci\u00f3n Internacional ISO 9001:2015<\/a><\/p>\n\n\n\n<p>Circular Nr 021 &#8211; Anulada<\/p>\n\n\n\n<p><a href=\"https:\/\/www.escuelanormasiso.com\/circulares\/Circular_NR-022-Seguridad_de_la_informacion.pdf\" target=\"_blank\" rel=\"noreferrer noopener\">Circular Nr 022 &#8211; Seguridad de la Informaci\u00f3n<\/a><\/p>\n\n\n\n<p><a rel=\"noreferrer noopener\" href=\"https:\/\/www.escuelanormasiso.com\/circulares\/Circular_NR-023-condiciones_del_servicio.pdf\" target=\"_blank\">Circular Nr 023 &#8211; Condiciones del Servicio<\/a> <\/p>\n\n\n\n<p>Circular Nr 024 &#8211; Anulada<\/p>\n\n\n\n<p><a href=\"https:\/\/escuelanormasiso.com\/circulares\/Circular_NR-025-Caida_Whatsapp_Business.pdf\" data-type=\"link\" data-id=\"https:\/\/escuelanormasiso.com\/circulares\/Circular_NR-025-Caida_Whatsapp_Business.pdf\">Circular Nr 025 &#8211; Ca\u00edda de nuestro WhatsApp Business (24-01-2024)<\/a><\/p>\n\n\n\n<p><a href=\"https:\/\/escuelanormasiso.com\/circulares\/Circular_NR-026-noticia.pdf\">Circular Nr 026 &#8211; Alerta de actos y hechos punibles <\/a><\/p>\n\n\n\n<p><\/p>\n","protected":false},"excerpt":{"rendered":"<p>Circulares El sistema de comunicaci\u00f3n v\u00eda circulares es una herramienta comunicacional de las empresas del Grupo Seatam Holding. Mediante este sistema la organizaci\u00f3n comunica a sus partes interesadas requisitos, novedades, resoluciones, y, por consiguiente, las circulares es informaci\u00f3n documentada de nuestro sistema de gesti\u00f3n de la calidad y forman parte integral del contrato de la&hellip; <br \/> <a class=\"read-more\" href=\"https:\/\/www.escuelanormasiso.com\/index.php\/circulares\/\">Leer m\u00e1s<\/a><\/p>\n","protected":false},"author":1,"featured_media":0,"parent":0,"menu_order":0,"comment_status":"closed","ping_status":"closed","template":"","meta":{"footnotes":""},"class_list":["post-90","page","type-page","status-publish","hentry"],"_links":{"self":[{"href":"https:\/\/www.escuelanormasiso.com\/index.php\/wp-json\/wp\/v2\/pages\/90","targetHints":{"allow":["GET"]}}],"collection":[{"href":"https:\/\/www.escuelanormasiso.com\/index.php\/wp-json\/wp\/v2\/pages"}],"about":[{"href":"https:\/\/www.escuelanormasiso.com\/index.php\/wp-json\/wp\/v2\/types\/page"}],"author":[{"embeddable":true,"href":"https:\/\/www.escuelanormasiso.com\/index.php\/wp-json\/wp\/v2\/users\/1"}],"replies":[{"embeddable":true,"href":"https:\/\/www.escuelanormasiso.com\/index.php\/wp-json\/wp\/v2\/comments?post=90"}],"version-history":[{"count":29,"href":"https:\/\/www.escuelanormasiso.com\/index.php\/wp-json\/wp\/v2\/pages\/90\/revisions"}],"predecessor-version":[{"id":679,"href":"https:\/\/www.escuelanormasiso.com\/index.php\/wp-json\/wp\/v2\/pages\/90\/revisions\/679"}],"wp:attachment":[{"href":"https:\/\/www.escuelanormasiso.com\/index.php\/wp-json\/wp\/v2\/media?parent=90"}],"curies":[{"name":"wp","href":"https:\/\/api.w.org\/{rel}","templated":true}]}}